{"id":20956,"date":"2024-07-23T13:26:24","date_gmt":"2024-07-23T13:26:24","guid":{"rendered":"https:\/\/nuevositiowebanatorr.live-website.com\/?page_id=20956"},"modified":"2024-09-12T14:40:32","modified_gmt":"2024-09-12T14:40:32","slug":"politica-de-privacidad","status":"publish","type":"page","link":"https:\/\/institutoanatorres.com\/en\/politica-de-privacidad","title":{"rendered":"Privacy Policy"},"content":{"rendered":"<div data-elementor-type=\"wp-page\" data-elementor-id=\"20956\" class=\"elementor elementor-20956\" data-elementor-post-type=\"page\">\n\t\t\t\t<div class=\"elementor-element elementor-element-79927ac e-flex e-con-boxed e-con e-parent\" data-id=\"79927ac\" data-element_type=\"container\" data-e-type=\"container\" data-settings=\"{&quot;jet_parallax_layout_list&quot;:[]}\">\n\t\t\t\t\t<div class=\"e-con-inner\">\n\t\t\t\t<div class=\"elementor-element elementor-element-f6bc373 elementor-widget elementor-widget-text-editor\" data-id=\"f6bc373\" data-element_type=\"widget\" data-e-type=\"widget\" data-widget_type=\"text-editor.default\">\n\t\t\t\t<div class=\"elementor-widget-container\">\n\t\t\t\t\t\t\t\t\t<h3><span style=\"font-weight: 400;\">POL\u00cdTICA DE PRIVACIDAD<\/span><\/h3><p><span style=\"font-weight: 400;\">La confidencialidad y la seguridad son valores primordiales de INSTITUTO DRA. ANA TORRES SLP y, en consecuencia, asumimos el compromiso de garantizar la privacidad del Usuario en todo momento y de no recabar informaci\u00f3n innecesaria. A continuaci\u00f3n, le proporcionamos toda la informaci\u00f3n necesaria sobre nuestra Pol\u00edtica de Privacidad en relaci\u00f3n con los datos personales que recabamos, explic\u00e1ndole:<\/span><\/p><ul><li style=\"font-weight: 400;\" aria-level=\"1\"><span style=\"font-weight: 400;\">Qui\u00e9n es el responsable del tratamiento de sus datos.<\/span><\/li><li style=\"font-weight: 400;\" aria-level=\"1\"><span style=\"font-weight: 400;\">Para qu\u00e9 finalidades recabamos los datos que le solicitamos.<\/span><\/li><li style=\"font-weight: 400;\" aria-level=\"1\"><span style=\"font-weight: 400;\">Cu\u00e1l es la legitimaci\u00f3n para su tratamiento.<\/span><\/li><li style=\"font-weight: 400;\" aria-level=\"1\"><span style=\"font-weight: 400;\">Durante cu\u00e1nto tiempo los conservamos.<\/span><\/li><li style=\"font-weight: 400;\" aria-level=\"1\"><span style=\"font-weight: 400;\">A qu\u00e9 destinatarios se comunican sus datos.<\/span><\/li><li style=\"font-weight: 400;\" aria-level=\"1\"><span style=\"font-weight: 400;\">Cu\u00e1les son sus derechos.<\/span><\/li><\/ul><p><b><br \/>Responsable<\/b><span style=\"font-weight: 400;\">:\u00a0<\/span><\/p><p><span style=\"font-weight: 400;\">INSTITUTO DRA. ANA TORRES S.L.P. <br \/><br \/>NIF<\/span> <span style=\"font-weight: 400;\">B44750412<\/span><\/p><p><span style=\"font-weight: 400;\">C\/Mallorca 237 2-1.\u00a0<\/span><\/p><p><span style=\"font-weight: 400;\">08008 Barcelona.<\/span><\/p><p><a href=\"mailto:consulta@institutoanatorres.com\"><span style=\"font-weight: 400;\">consulta@institutoanatorres.com<\/span><\/a><span style=\"font-weight: 400;\">\u00a0\u00a0<\/span><\/p><p><a href=\"mailto:institutoanatorres@delegado-datos.com\"><span style=\"font-weight: 400;\">institutoanatorres@delegado-datos.com<\/span><\/a> <b>(Delegado de Protecci\u00f3n de Datos)\u00a0<\/b><\/p><p><b><br \/>Finalidades, legitimaci\u00f3n y conservaci\u00f3n de los tratamientos de los datos enviados a trav\u00e9s de<\/b><span style=\"font-weight: 400;\">:<\/span><\/p><ul><li style=\"font-weight: 400;\" aria-level=\"1\"><span style=\"font-weight: 400;\">FORMULARIO DE CONTACTO.<\/span><\/li><\/ul><p><b><br \/>Finalidad:<\/b><span style=\"font-weight: 400;\"> Facilitarle un medio para que pueda ponerse en contacto con nosotros y contestar a sus solicitudes de informaci\u00f3n, as\u00ed como enviarle comunicaciones de nuestros productos, servicios y actividades, inclusive por medios electr\u00f3nicos, si marca la casilla de aceptaci\u00f3n.<\/span><\/p><p><b>Legitimaci\u00f3n:<\/b><span style=\"font-weight: 400;\"> El consentimiento del usuario al solicitarnos informaci\u00f3n a trav\u00e9s de nuestro formulario de contacto y al marcar la casilla de aceptaci\u00f3n de env\u00edo de informaci\u00f3n.\u00a0<\/span><\/p><p><b>Conservaci\u00f3n:<\/b><span style=\"font-weight: 400;\"> Hasta una vez resuelta su solicitud por medio de nuestro formulario o contestada por correo electr\u00f3nico, si no ha generado un nuevo tratamiento. En caso de haber aceptado recibir env\u00edos comerciales, hasta que solicite la baja de los mismos.<\/span><\/p><ul><li style=\"font-weight: 400;\" aria-level=\"1\"><span style=\"font-weight: 400;\">FORMULARIO PEDIR CITA<\/span><\/li><\/ul><p><b><br \/>Finalidad:<\/b><span style=\"font-weight: 400;\"> Agendar la cita solicitada para prestar el servicio e informarle de nuestros productos y servicios, inclusive por medios electr\u00f3nicos.<\/span><\/p><p><b>Legitimaci\u00f3n:<\/b><span style=\"font-weight: 400;\"> Ejecuci\u00f3n del acuerdo (reserva cita) e inter\u00e9s leg\u00edtimo para informar a nuestros clientes sobre nuestros productos y servicios.\u00a0<\/span><\/p><p><b>Conservaci\u00f3n:<\/b><span style=\"font-weight: 400;\"> Mientras dure la relaci\u00f3n contractual y, finalizada esta, durante los plazos de conservaci\u00f3n exigidos legalmente para atender eventuales responsabilidades<\/span> <span style=\"font-weight: 400;\">y posteriormente durante los plazos legalmente previstos. Env\u00edos comerciales: hasta que el usuario solicite su baja.<\/span><\/p><ul><li style=\"font-weight: 400;\" aria-level=\"1\"><span style=\"font-weight: 400;\">ENV\u00cdO DE CORREOS ELECTR\u00d3NICOS.<\/span><\/li><\/ul><p><b><br \/>Finalidad:<\/b><span style=\"font-weight: 400;\"> Contestar a sus solicitudes de informaci\u00f3n, atender sus peticiones y responder sus consultas o dudas.\u00a0\u00a0\u00a0<\/span><\/p><p><b>Legitimaci\u00f3n:<\/b><span style=\"font-weight: 400;\"> El consentimiento del usuario al solicitarnos informaci\u00f3n a trav\u00e9s de la direcci\u00f3n de correo electr\u00f3nico.<\/span><\/p><p><b>Conservaci\u00f3n:<\/b><span style=\"font-weight: 400;\"> Hasta una vez contestada su petici\u00f3n por correo electr\u00f3nico, si no ha generado un nuevo tratamiento.<\/span><span style=\"font-weight: 400;\">\u00a0<\/span><\/p><p><b>Obligaci\u00f3n de facilitarnos sus datos personales y consecuencias de no hacerlo.<\/b><\/p><p><span style=\"font-weight: 400;\">El suministro de datos personales requiere una edad m\u00ednima de 14 a\u00f1os, o en su caso, disponer de capacidad jur\u00eddica suficiente para contratar.<\/span><\/p><p><span style=\"font-weight: 400;\">Los datos personales solicitados son necesarios para gestionar sus solicitudes y\/o prestarle los servicios que pueda contratar, por lo que, si no nos los facilita, no podremos atenderle correctamente ni prestarle el servicio que ha solicitado.\u00a0<\/span><\/p><ul><li aria-level=\"1\"><b>Destinatarios de sus datos<\/b><\/li><\/ul><p><span style=\"font-weight: 400;\"><br \/>Sus datos son confidenciales y no se ceder\u00e1n a terceros, salvo que exista obligaci\u00f3n legal.<\/span><\/p><p><span style=\"font-weight: 400;\">Los datos personales y comentarios enviados mediante el formulario de participaci\u00f3n en el blog se publicar\u00e1n en el mismo y ser\u00e1n visibles para los dem\u00e1s participantes.<\/span><\/p><ul><li aria-level=\"1\"><b>Derechos en relaci\u00f3n con sus datos personales<\/b><\/li><\/ul><p><span style=\"font-weight: 400;\"><br \/>Cualquier persona puede retirar su consentimiento en cualquier momento, cuando el mismo se haya otorgado para el tratamiento de sus datos. En ning\u00fan caso, la retirada de este consentimiento condiciona la ejecuci\u00f3n del contrato de suscripci\u00f3n o las relaciones generadas con anterioridad.<\/span><\/p><p><span style=\"font-weight: 400;\">Igualmente, puede ejercer los siguientes derechos:<\/span><\/p><ul><li style=\"font-weight: 400;\" aria-level=\"1\"><span style=\"font-weight: 400;\">Solicitar el acceso a sus datos personales o su rectificaci\u00f3n cuando sean inexactos.<\/span><\/li><li style=\"font-weight: 400;\" aria-level=\"1\"><span style=\"font-weight: 400;\">Solicitar su supresi\u00f3n cuando, entre otros motivos, los datos ya no sean necesarios para los fines para los que fueron recogidos.<\/span><\/li><li style=\"font-weight: 400;\" aria-level=\"1\"><span style=\"font-weight: 400;\">Solicitar la limitaci\u00f3n de su tratamiento en determinadas circunstancias.<\/span><\/li><li style=\"font-weight: 400;\" aria-level=\"1\"><span style=\"font-weight: 400;\">Solicitar la oposici\u00f3n al tratamiento de sus datos por motivos relacionados con su situaci\u00f3n particular.<\/span><\/li><li style=\"font-weight: 400;\" aria-level=\"1\"><span style=\"font-weight: 400;\">Solicitar la portabilidad de los datos en los casos previstos en la normativa.\u00a0<\/span><\/li><li style=\"font-weight: 400;\" aria-level=\"1\"><span style=\"font-weight: 400;\">Otros derechos reconocidos en las normativas aplicables.<\/span><\/li><\/ul><p><span style=\"font-weight: 400;\"><br \/>D\u00f3nde y c\u00f3mo solicitar sus Derechos: Mediante un escrito dirigido al responsable a su direcci\u00f3n postal o electr\u00f3nica (indicadas en el apartado 1), indicando la referencia \u201cDatos Personales\u201d, especificando el derecho que se quiere ejercer y respecto a qu\u00e9 datos personales.<\/span><\/p><p><span style=\"font-weight: 400;\">En caso de divergencias con la empresa en relaci\u00f3n con el tratamiento de sus datos, puede presentar una reclamaci\u00f3n ante la Autoridad de Protecci\u00f3n de Datos (<\/span><a href=\"http:\/\/www.agpd.es\" target=\"_blank\" rel=\"noopener\"><span style=\"font-weight: 400;\">www.agpd.es<\/span><\/a><span style=\"font-weight: 400;\">).<\/span><\/p><ul><li aria-level=\"1\"><b>Cookies<\/b><\/li><\/ul><p><span style=\"font-weight: 400;\"><br \/>Esta p\u00e1gina web utiliza cookies t\u00e9cnicas, de personalizaci\u00f3n, de an\u00e1lisis y publicitarias, propias y de terceros, que en ning\u00fan caso tratan datos de car\u00e1cter personal, pero captan h\u00e1bitos de navegaci\u00f3n para fines estad\u00edsticos y publicitarios.<\/span><\/p><p><span style=\"font-weight: 400;\">Por ello, al acceder a nuestra web, en cumplimiento del art\u00edculo 22 de la Ley de Servicios de la Sociedad de la Informaci\u00f3n, al tratar cookies de an\u00e1lisis y publicitarias, le hemos solicitado su consentimiento para su uso y facilitado informaci\u00f3n de las mismas, que en todo caso se instalar\u00e1n pasado un plazo de tiempo prudencial para que el usuario tenga tiempo de decidir prestar su consentimiento o no.\u00a0<\/span><\/p><ul><li aria-level=\"1\"><b>Seguridad de sus datos personales<\/b><\/li><\/ul><p><span style=\"font-weight: 400;\"><br \/>Con el objetivo de salvaguardar la seguridad de sus datos personales, le informamos que hemos adoptado todas las medidas de \u00edndole t\u00e9cnica y organizativa necesarias para garantizar la seguridad de los datos personales suministrados de su alteraci\u00f3n, p\u00e9rdida, y tratamientos o accesos no autorizados.<\/span><\/p><ul><li aria-level=\"1\"><b>Actualizaci\u00f3n de sus datos<\/b><\/li><\/ul><p><span style=\"font-weight: 400;\"><br \/>Es importante que para que podamos mantener sus datos personales actualizados, nos informe siempre que haya habido alguna modificaci\u00f3n en ellos, en caso contrario, no respondemos de la veracidad de los mismos.\u00a0<\/span><\/p><p><span style=\"font-weight: 400;\">No nos hacemos responsables de la pol\u00edtica de privacidad respecto a los datos personales que pueda facilitar a terceros por medio de los enlaces disponibles en nuestra p\u00e1gina web.<\/span><\/p><p><span style=\"font-weight: 400;\">La presente Pol\u00edtica de Privacidad puede ser modificada para adaptarlas a los cambios que se produzca en nuestra web, as\u00ed como modificaciones legislativas o jurisprudenciales sobre datos personales que vayan apareciendo, por lo que exige su lectura, cada vez que nos facilite sus datos a trav\u00e9s de esta Web.<\/span><\/p>\t\t\t\t\t\t\t\t<\/div>\n\t\t\t\t<\/div>\n\t\t\t\t\t<\/div>\n\t\t\t\t<\/div>\n\t\t\t\t<\/div>","protected":false},"excerpt":{"rendered":"<p>POL\u00cdTICA DE PRIVACIDAD La confidencialidad y la seguridad son valores primordiales de INSTITUTO DRA. ANA TORRES SLP y, en consecuencia, asumimos el compromiso de garantizar la privacidad del Usuario en todo momento y de no recabar informaci\u00f3n innecesaria. A continuaci\u00f3n, le proporcionamos toda la informaci\u00f3n necesaria sobre nuestra Pol\u00edtica de Privacidad en relaci\u00f3n con los [&hellip;]<\/p>\n","protected":false},"author":1,"featured_media":0,"parent":0,"menu_order":0,"comment_status":"closed","ping_status":"closed","template":"","meta":{"footnotes":""},"class_list":["post-20956","page","type-page","status-publish","hentry"],"_links":{"self":[{"href":"https:\/\/institutoanatorres.com\/en\/wp-json\/wp\/v2\/pages\/20956","targetHints":{"allow":["GET"]}}],"collection":[{"href":"https:\/\/institutoanatorres.com\/en\/wp-json\/wp\/v2\/pages"}],"about":[{"href":"https:\/\/institutoanatorres.com\/en\/wp-json\/wp\/v2\/types\/page"}],"author":[{"embeddable":true,"href":"https:\/\/institutoanatorres.com\/en\/wp-json\/wp\/v2\/users\/1"}],"replies":[{"embeddable":true,"href":"https:\/\/institutoanatorres.com\/en\/wp-json\/wp\/v2\/comments?post=20956"}],"version-history":[{"count":0,"href":"https:\/\/institutoanatorres.com\/en\/wp-json\/wp\/v2\/pages\/20956\/revisions"}],"wp:attachment":[{"href":"https:\/\/institutoanatorres.com\/en\/wp-json\/wp\/v2\/media?parent=20956"}],"curies":[{"name":"wp","href":"https:\/\/api.w.org\/{rel}","templated":true}]}}