{"id":20955,"date":"2024-07-23T13:22:55","date_gmt":"2024-07-23T13:22:55","guid":{"rendered":"https:\/\/nuevositiowebanatorr.live-website.com\/?page_id=20955"},"modified":"2024-09-12T14:39:39","modified_gmt":"2024-09-12T14:39:39","slug":"aviso-legal","status":"publish","type":"page","link":"https:\/\/institutoanatorres.com\/en\/aviso-legal","title":{"rendered":"Legal Notice"},"content":{"rendered":"<div data-elementor-type=\"wp-page\" data-elementor-id=\"20955\" class=\"elementor elementor-20955\" data-elementor-post-type=\"page\">\n\t\t\t\t<div class=\"elementor-element elementor-element-8bf6965 e-flex e-con-boxed e-con e-parent\" data-id=\"8bf6965\" data-element_type=\"container\" data-e-type=\"container\" data-settings=\"{&quot;jet_parallax_layout_list&quot;:[]}\">\n\t\t\t\t\t<div class=\"e-con-inner\">\n\t\t\t\t<div class=\"elementor-element elementor-element-9965633 elementor-widget elementor-widget-text-editor\" data-id=\"9965633\" data-element_type=\"widget\" data-e-type=\"widget\" data-widget_type=\"text-editor.default\">\n\t\t\t\t<div class=\"elementor-widget-container\">\n\t\t\t\t\t\t\t\t\t<h3><span style=\"font-weight: 400;\">AVISO LEGAL<\/span><\/h3><p><span style=\"font-weight: 400;\">Esta p\u00e1gina Web es propiedad de INSTITUTO DRA. ANA TORRES S.L.P. (en adelante INSTITUTO ANA TORRES), con NIF n\u00ba B44750412 y domicilio en Calle Mallorca, Inscrita en el Registro Mercantil de Barcelona, Tomo 48842, F 43, S 8, H B 598190, I\/A 1 (26.06.23).<\/span><\/p><p><span style=\"font-weight: 400;\">Para cualquier consulta o propuesta, cont\u00e1ctenos llamando al tel\u00e9fono 934 87 23 42 o por correo electr\u00f3nico <\/span><a href=\"mailto:consulta@institutoanatorres.com\"><span style=\"font-weight: 400;\">consulta@institutoanatorres.com<\/span><\/a><span style=\"font-weight: 400;\">. Asimismo, ponemos a su disposici\u00f3n un <\/span><b>Delegado de Protecci\u00f3n de Datos<\/b><span style=\"font-weight: 400;\"> que, no s\u00f3lo se encargar\u00e1 de supervisar todos los tratamientos de datos que se realicen en nuestra entidad, sino que, podr\u00e1 atenderles para cualquier cuesti\u00f3n relacionada con el tratamiento de los datos personales. Los datos de contacto de nuestro delegado de protecci\u00f3n de datos son: <\/span><a href=\"mailto:institutoanatorres@delegado-datos.com\"><span style=\"font-weight: 400;\">institutoanatorres@delegado-datos.com<\/span><\/a><span style=\"font-weight: 400;\">\u00a0<\/span><\/p><p><span style=\"font-weight: 400;\">Esta p\u00e1gina Web se rige por la normativa exclusivamente aplicable en Espa\u00f1a, quedando sometida a ella, tanto nacionales como extranjeros que utilicen esta Web.<\/span><\/p><p><span style=\"font-weight: 400;\">El acceso a nuestra p\u00e1gina Web por parte de la PERSONA USUARIA es gratuito y su uso se rige por las condiciones de uso vigentes en el momento del acceso, que rogamos lea detenidamente. Si la PERSONA USUARIA no estuviere de acuerdo con las presentes condiciones de uso, deber\u00e1 abstenerse de utilizar este portal y operar por medio del mismo, pudiendo contactar con nosotros para que le resolvamos cualquier duda en relaci\u00f3n a las mismas.<\/span><\/p><p><span style=\"font-weight: 400;\">El suministro de datos personales y la compra de productos a trav\u00e9s de nuestro portal requiere una edad m\u00ednima de 14 a\u00f1os, o en su caso, disponer de capacidad jur\u00eddica suficiente para contratar.<\/span><\/p><p><span style=\"font-weight: 400;\">En cualquier momento podremos modificar la presentaci\u00f3n y configuraci\u00f3n de nuestra Web, ampliar o reducir servicios, e incluso suprimirla de la Red, as\u00ed como los servicios y contenidos prestados, todo ello de forma unilateral y sin previo aviso.<\/span><\/p><ol><li><b> PROPIEDAD INTELECTUAL<br \/><br \/><\/b><\/li><\/ol><p><span style=\"font-weight: 400;\">Todos los contenidos, textos, im\u00e1genes, y c\u00f3digos fuente son propiedad de INSTITUTO ANA TORRES o de terceros a los que se han adquirido sus derechos de explotaci\u00f3n, y est\u00e1n protegidos por los derechos de Propiedad Intelectual e Industrial.<\/span><\/p><p><span style=\"font-weight: 400;\">La PERSONA USUARIA \u00fanicamente tiene derecho a un uso privado de los mismos, sin \u00e1nimo de lucro, y necesita autorizaci\u00f3n expresa para modificarlos, reproducirlos, explotarlos, distribuirlos o ejercer cualquier derecho perteneciente a su titular.<\/span><\/p><p><span style=\"font-weight: 400;\">El establecimiento de enlaces a nuestro portal no confiere ning\u00fan derecho sobre el mismo. Asimismo, el simple hecho de establecer un enlace a nuestra p\u00e1gina web no da derecho a otorgarse la categor\u00eda de colaborador o socio.<\/span><\/p><p><span style=\"font-weight: 400;\">INSTITUTO ANA TORRES queda exonerado de responsabilidad por cualquier reclamaci\u00f3n respecto a los derechos de propiedad intelectual de los art\u00edculos e im\u00e1genes publicadas por terceros en su portal.<\/span><\/p><p>\u00a0<\/p><p><span style=\"font-weight: 400;\">Est\u00e1 absolutamente prohibida la imitaci\u00f3n ya sea total o parcial de nuestro portal o el establecimiento de enlaces a nuestra p\u00e1gina web sin la autorizaci\u00f3n previa de INSTITUTO ANA TORRES.<\/span><\/p><ol><li><b> CONDICIONES DE ACCESO Y USO<br \/><br \/><\/b><\/li><\/ol><p><span style=\"font-weight: 400;\">El acceso a nuestra p\u00e1gina Web es gratuito y no exige suscripci\u00f3n o registro previo. Sin embargo, determinados servicios son de acceso restringido a determinadas PERSONAS USUARIAS y requieren haber realizado un proceso de registro y\/o la identificaci\u00f3n mediante contrase\u00f1as. Estos servicios quedar\u00e1n debidamente identificados en la Web.\u00a0<\/span><\/p><p><span style=\"font-weight: 400;\">El env\u00edo de datos personales implica la aceptaci\u00f3n expresa por parte de la PERSONA USUARIA de nuestra <\/span><span style=\"font-weight: 400;\">Pol\u00edtica de Privacidad.<\/span><\/p><p>\u00a0<\/p><p><span style=\"font-weight: 400;\">La PERSONA USUARIA debe acceder a nuestra p\u00e1gina Web conforme a la buena fe, las normas de orden p\u00fablico y a las presentes Condiciones Generales de uso. El acceso a nuestro sitio Web se realiza bajo la propia y exclusiva responsabilidad de la PERSONA USUARIA, que responder\u00e1 en todo caso de los da\u00f1os y perjuicios que pueda causar a terceros o a nosotros mismos.<\/span><\/p><p><span style=\"font-weight: 400;\">La PERSONA USUARIA tiene expresamente prohibida la utilizaci\u00f3n y obtenci\u00f3n de los servicios, productos y contenidos ofrecidos en la presente p\u00e1gina web, por procedimientos distintos a los estipulados en las presentes condiciones de uso y, en su caso, en las condiciones particulares que regulen la adquisici\u00f3n de determinados productos.<\/span><\/p><p><span style=\"font-weight: 400;\">La PERSONA USUARIA tiene prohibido cualquier tipo de acci\u00f3n sobre nuestro portal que origine una excesiva sobrecarga de funcionamiento a nuestros sistemas inform\u00e1ticos, as\u00ed como la introducci\u00f3n de virus, o instalaci\u00f3n de robots, o software que altere el normal funcionamiento de nuestra web, o en definitiva pueda causar da\u00f1os a nuestros sistemas inform\u00e1ticos.<\/span><\/p><p><span style=\"font-weight: 400;\">Teniendo en cuenta la dificultad de control respecto a la informaci\u00f3n, contenidos y servicios que contengan p\u00e1ginas web de terceros disponibles desde nuestra p\u00e1gina web, le comunicamos que INSTITUTO ANA TORRES, no se hace responsable de los mismos, sin perjuicio de que intentar\u00e1, en la medida de lo posible, velar por su legalidad.<\/span><\/p><p>\u00a0<\/p><p><span style=\"font-weight: 400;\">INSTITUTO ANA TORRES se reserva el derecho a dar de baja a cualquier PERSONA USUARIA que la organizaci\u00f3n entienda que ha vulnerado las condiciones que rigen el uso de nuestra p\u00e1gina web. Asimismo, se reserva el derecho de ejercitar las acciones legales oportunas contra aquellos que vulneren las presentes condiciones generales de uso.<\/span><\/p><ol><li><b> POL\u00cdTICA DE PRIVACIDAD<br \/><br \/><\/b><\/li><\/ol><p><span style=\"font-weight: 400;\">La confidencialidad y la seguridad son valores primordiales de INSTITUTO ANA TORRES y, en consecuencia, asumimos el compromiso de garantizar la privacidad de la PERSONA USUARIA en todo momento y de no recabar informaci\u00f3n innecesaria.\u00a0<\/span><\/p><p><span style=\"font-weight: 400;\">El suministro de datos personales a trav\u00e9s de nuestro portal requiere una edad m\u00ednima de 14 a\u00f1os y la aceptaci\u00f3n expresa de nuestra <\/span><span style=\"font-weight: 400;\">Pol\u00edtica de Privacidad<\/span><span style=\"font-weight: 400;\">.<\/span><\/p><ol><li><b> RESPONSABILIDADES<br \/><br \/><\/b><\/li><\/ol><p><span style=\"font-weight: 400;\">Al poner a disposici\u00f3n de la PERSONA USUARIA esta p\u00e1gina Web queremos ofrecerle un servicio de calidad, utilizando la m\u00e1xima diligencia en la prestaci\u00f3n del mismo, as\u00ed como en los medios tecnol\u00f3gicos utilizados. No obstante, INSTITUTO ANA TORRES no garantiza que la disponibilidad del servicio sea continua e ininterrumpida, por circunstancias originadas por problemas en la red de Internet, aver\u00edas en los dispositivos inform\u00e1ticos u otras circunstancias imprevisibles, de manera que la PERSONA USUARIA acepta soportar dentro de unos l\u00edmites razonables estas circunstancias.\u00a0<\/span><\/p><p><span style=\"font-weight: 400;\">Esta p\u00e1gina web, salvo lo regulado, en su caso, por algunas condiciones de uso espec\u00edficas, es puramente informativa y de presentaci\u00f3n corporativa de nuestros productos y servicios, por lo que INSTITUTO ANA TORRES no se responsabiliza por las expectativas de cualquier tipo que pueda generar a la PERSONA USUARIA.\u00a0<\/span><\/p><p><span style=\"font-weight: 400;\">Todo lo referente a nuestra p\u00e1gina web, se rige exclusivamente por las leyes espa\u00f1olas. En el caso de que se produzca cualquier tipo de discrepancia o diferencia entre las partes en relaci\u00f3n con la interpretaci\u00f3n y contenido de la presente p\u00e1gina web, todas las partes se someten a los Juzgados y Tribunales que legalmente correspondan.<\/span><\/p><ol><li><b> VIGENCIA DE LAS CONDICIONES GENERALES DE ACCESO A LA WEB<br \/><br \/><\/b><\/li><\/ol><p><span style=\"font-weight: 400;\">Las presentes Condiciones Generales de Uso han sido modificadas con fecha 23\/07\/2024. En cualquier momento podemos proceder a su modificaci\u00f3n: por favor, compruebe la fecha de emisi\u00f3n en cada ocasi\u00f3n en que se conecte a nuestra p\u00e1gina Web y as\u00ed tendr\u00e1 la certeza de que no se ha producido modificaci\u00f3n alguna que le afecte.<\/span><\/p><p><span style=\"font-weight: 400;\">Para cualquier cuesti\u00f3n respecto a las Condiciones de Uso de nuestra p\u00e1gina web, puede ponerse en contacto con nosotros en los datos arriba indicados, o con Lant Abogados en <\/span><a href=\"mailto:info@lant-abogados.com\"><span style=\"font-weight: 400;\">info@lant-abogados.com<\/span><\/a><span style=\"font-weight: 400;\"> o en <\/span><a href=\"https:\/\/www.lant-abogados.com\/\" target=\"_blank\" rel=\"noopener\"><span style=\"font-weight: 400;\">https:\/\/www.lant-abogados.com\/<\/span><\/a><span style=\"font-weight: 400;\">.\u00a0<\/span><\/p>\t\t\t\t\t\t\t\t<\/div>\n\t\t\t\t<\/div>\n\t\t\t\t\t<\/div>\n\t\t\t\t<\/div>\n\t\t\t\t<\/div>","protected":false},"excerpt":{"rendered":"<p>AVISO LEGAL Esta p\u00e1gina Web es propiedad de INSTITUTO DRA. ANA TORRES S.L.P. (en adelante INSTITUTO ANA TORRES), con NIF n\u00ba B44750412 y domicilio en Calle Mallorca, Inscrita en el Registro Mercantil de Barcelona, Tomo 48842, F 43, S 8, H B 598190, I\/A 1 (26.06.23). Para cualquier consulta o propuesta, cont\u00e1ctenos llamando al tel\u00e9fono [&hellip;]<\/p>\n","protected":false},"author":1,"featured_media":0,"parent":0,"menu_order":0,"comment_status":"closed","ping_status":"closed","template":"","meta":{"footnotes":""},"class_list":["post-20955","page","type-page","status-publish","hentry"],"_links":{"self":[{"href":"https:\/\/institutoanatorres.com\/en\/wp-json\/wp\/v2\/pages\/20955","targetHints":{"allow":["GET"]}}],"collection":[{"href":"https:\/\/institutoanatorres.com\/en\/wp-json\/wp\/v2\/pages"}],"about":[{"href":"https:\/\/institutoanatorres.com\/en\/wp-json\/wp\/v2\/types\/page"}],"author":[{"embeddable":true,"href":"https:\/\/institutoanatorres.com\/en\/wp-json\/wp\/v2\/users\/1"}],"replies":[{"embeddable":true,"href":"https:\/\/institutoanatorres.com\/en\/wp-json\/wp\/v2\/comments?post=20955"}],"version-history":[{"count":0,"href":"https:\/\/institutoanatorres.com\/en\/wp-json\/wp\/v2\/pages\/20955\/revisions"}],"wp:attachment":[{"href":"https:\/\/institutoanatorres.com\/en\/wp-json\/wp\/v2\/media?parent=20955"}],"curies":[{"name":"wp","href":"https:\/\/api.w.org\/{rel}","templated":true}]}}